{"id":87,"date":"2021-01-04T18:38:37","date_gmt":"2021-01-04T18:38:37","guid":{"rendered":"http:\/\/cercapcdro.org.gt\/?page_id=87"},"modified":"2021-03-25T15:17:31","modified_gmt":"2021-03-25T15:17:31","slug":"ambito-economico","status":"publish","type":"page","link":"https:\/\/cercapcdro.org.gt\/?page_id=87","title":{"rendered":"\u00c1mbito Econ\u00f3mico"},"content":{"rendered":"<p>Mapeo de actores relacionados con la innovaci\u00f3n tecnol\u00f3gica en las cadenas de ma\u00edz y frijol en Nicaragua<\/p>\n<p>Click para descargar documento<\/p>\n<p><a href=\"http:\/\/cercapcdro.org.gt\/wp-content\/uploads\/2021\/03\/mapeo-de-actores-frijol.pdf\">mapeo de actores frijol<\/a><\/p>\n<p><img loading=\"lazy\" decoding=\"async\" class=\"alignnone size-full wp-image-298\" src=\"http:\/\/cercapcdro.org.gt\/wp-content\/uploads\/2021\/03\/portada.png\" alt=\"\" width=\"415\" height=\"540\" srcset=\"https:\/\/cercapcdro.org.gt\/wp-content\/uploads\/2021\/03\/portada.png 415w, https:\/\/cercapcdro.org.gt\/wp-content\/uploads\/2021\/03\/portada-231x300.png 231w\" sizes=\"auto, (max-width: 415px) 100vw, 415px\" \/><\/p>\n","protected":false},"excerpt":{"rendered":"<p>Mapeo de actores relacionados con la innovaci\u00f3n tecnol\u00f3gica en las cadenas de ma\u00edz y frijol en Nicaragua Click para descargar documento mapeo de actores frijol<\/p>\n","protected":false},"author":1,"featured_media":0,"parent":0,"menu_order":0,"comment_status":"closed","ping_status":"closed","template":"","meta":{"footnotes":""},"class_list":["post-87","page","type-page","status-publish","hentry"],"_links":{"self":[{"href":"https:\/\/cercapcdro.org.gt\/index.php?rest_route=\/wp\/v2\/pages\/87","targetHints":{"allow":["GET"]}}],"collection":[{"href":"https:\/\/cercapcdro.org.gt\/index.php?rest_route=\/wp\/v2\/pages"}],"about":[{"href":"https:\/\/cercapcdro.org.gt\/index.php?rest_route=\/wp\/v2\/types\/page"}],"author":[{"embeddable":true,"href":"https:\/\/cercapcdro.org.gt\/index.php?rest_route=\/wp\/v2\/users\/1"}],"replies":[{"embeddable":true,"href":"https:\/\/cercapcdro.org.gt\/index.php?rest_route=%2Fwp%2Fv2%2Fcomments&post=87"}],"version-history":[{"count":3,"href":"https:\/\/cercapcdro.org.gt\/index.php?rest_route=\/wp\/v2\/pages\/87\/revisions"}],"predecessor-version":[{"id":299,"href":"https:\/\/cercapcdro.org.gt\/index.php?rest_route=\/wp\/v2\/pages\/87\/revisions\/299"}],"wp:attachment":[{"href":"https:\/\/cercapcdro.org.gt\/index.php?rest_route=%2Fwp%2Fv2%2Fmedia&parent=87"}],"curies":[{"name":"wp","href":"https:\/\/api.w.org\/{rel}","templated":true}]}}