{"id":41,"date":"2021-01-04T18:32:41","date_gmt":"2021-01-04T18:32:41","guid":{"rendered":"http:\/\/cercapcdro.org.gt\/?page_id=41"},"modified":"2021-01-05T15:12:34","modified_gmt":"2021-01-05T15:12:34","slug":"voluntariado","status":"publish","type":"page","link":"https:\/\/cercapcdro.org.gt\/?page_id=41","title":{"rendered":"Voluntariado"},"content":{"rendered":"<p>El Centro Regional de Capacitaci\u00f3n brinda la oportunidad a j\u00f3venes hombres y mujeres de cualquier nivel y tipo de profesi\u00f3n a trav\u00e9s de la realizaci\u00f3n de:<\/p>\n<ul>\n<li>Pasant\u00edas<\/li>\n<li>Pr\u00e1ctica profesional<\/li>\n<li>Estudios o investigaciones en el \u00e1mbito del desarrollo rural.<\/li>\n<\/ul>\n<p>El voluntariado puede darse a nivel comunitario y corporativo, ubicando al profesional o profesionales en espacios laborales de acuerdo a sus intereses, para que aporte sus propuestas y tenga la oportunidad de desenvolverse como profesional.<\/p>\n","protected":false},"excerpt":{"rendered":"<p>El Centro Regional de Capacitaci\u00f3n brinda la oportunidad a j\u00f3venes hombres y mujeres de cualquier nivel y tipo de profesi\u00f3n a trav\u00e9s de la realizaci\u00f3n de: Pasant\u00edas Pr\u00e1ctica profesional Estudios o investigaciones en el \u00e1mbito del desarrollo rural. El voluntariado puede darse a nivel comunitario y corporativo, ubicando al profesional o profesionales en espacios laborales de acuerdo a sus intereses, para que aporte sus propuestas y tenga la oportunidad de desenvolverse como profesional.<\/p>\n","protected":false},"author":1,"featured_media":0,"parent":0,"menu_order":0,"comment_status":"closed","ping_status":"closed","template":"","meta":{"footnotes":""},"class_list":["post-41","page","type-page","status-publish","hentry"],"_links":{"self":[{"href":"https:\/\/cercapcdro.org.gt\/index.php?rest_route=\/wp\/v2\/pages\/41","targetHints":{"allow":["GET"]}}],"collection":[{"href":"https:\/\/cercapcdro.org.gt\/index.php?rest_route=\/wp\/v2\/pages"}],"about":[{"href":"https:\/\/cercapcdro.org.gt\/index.php?rest_route=\/wp\/v2\/types\/page"}],"author":[{"embeddable":true,"href":"https:\/\/cercapcdro.org.gt\/index.php?rest_route=\/wp\/v2\/users\/1"}],"replies":[{"embeddable":true,"href":"https:\/\/cercapcdro.org.gt\/index.php?rest_route=%2Fwp%2Fv2%2Fcomments&post=41"}],"version-history":[{"count":2,"href":"https:\/\/cercapcdro.org.gt\/index.php?rest_route=\/wp\/v2\/pages\/41\/revisions"}],"predecessor-version":[{"id":210,"href":"https:\/\/cercapcdro.org.gt\/index.php?rest_route=\/wp\/v2\/pages\/41\/revisions\/210"}],"wp:attachment":[{"href":"https:\/\/cercapcdro.org.gt\/index.php?rest_route=%2Fwp%2Fv2%2Fmedia&parent=41"}],"curies":[{"name":"wp","href":"https:\/\/api.w.org\/{rel}","templated":true}]}}