{"id":40,"date":"2021-01-04T18:32:41","date_gmt":"2021-01-04T18:32:41","guid":{"rendered":"http:\/\/cercapcdro.org.gt\/?page_id=40"},"modified":"2021-01-05T15:12:02","modified_gmt":"2021-01-05T15:12:02","slug":"financiamiento-de-proyectos","status":"publish","type":"page","link":"https:\/\/cercapcdro.org.gt\/?page_id=40","title":{"rendered":"Financiamiento de Proyectos"},"content":{"rendered":"<p>Con el fin de apoyar el desarrollo rural de las comunidades de la regi\u00f3n Occidente, se cuenta con la apertura de ejecutar y gestionar diversos proyectos de la cooperaci\u00f3n nacional e internacional, el Centro Regional de Capacitaci\u00f3n cuenta con la experiencia en la implementaci\u00f3n de:<\/p>\n<ul>\n<li>Proyectos productivos<\/li>\n<li>Proyectos sociales para la ni\u00f1ez, juventud y mujer<\/li>\n<li>Proyectos para el desarrollo empresarial<\/li>\n<li>Proyectos de formaci\u00f3n e investigaci\u00f3n participativa<\/li>\n<li>Proyectos de gobernabilidad<\/li>\n<li>Proyectos de soberan\u00eda alimentaria<\/li>\n<li>Proyectos de salud y nutrici\u00f3n<\/li>\n<li>Proyectos de educaci\u00f3n formal e informal<\/li>\n<li>Proyectos de infraestructura rural<\/li>\n<li>Proyectos medio ambientales<\/li>\n<li>Entre otros.<\/li>\n<\/ul>\n","protected":false},"excerpt":{"rendered":"<p>Con el fin de apoyar el desarrollo rural de las comunidades de la regi\u00f3n Occidente, se cuenta con la apertura de ejecutar y gestionar diversos proyectos de la cooperaci\u00f3n nacional e internacional, el Centro Regional de Capacitaci\u00f3n cuenta con la experiencia en la implementaci\u00f3n de: Proyectos productivos Proyectos sociales para la ni\u00f1ez, juventud y mujer Proyectos para el desarrollo empresarial Proyectos de formaci\u00f3n e investigaci\u00f3n participativa Proyectos de gobernabilidad Proyectos de soberan\u00eda alimentaria Proyectos de salud y nutrici\u00f3n Proyectos de educaci\u00f3n formal e informal Proyectos de infraestructura rural Proyectos medio ambientales Entre otros.<\/p>\n","protected":false},"author":1,"featured_media":0,"parent":0,"menu_order":0,"comment_status":"closed","ping_status":"closed","template":"","meta":{"footnotes":""},"class_list":["post-40","page","type-page","status-publish","hentry"],"_links":{"self":[{"href":"https:\/\/cercapcdro.org.gt\/index.php?rest_route=\/wp\/v2\/pages\/40","targetHints":{"allow":["GET"]}}],"collection":[{"href":"https:\/\/cercapcdro.org.gt\/index.php?rest_route=\/wp\/v2\/pages"}],"about":[{"href":"https:\/\/cercapcdro.org.gt\/index.php?rest_route=\/wp\/v2\/types\/page"}],"author":[{"embeddable":true,"href":"https:\/\/cercapcdro.org.gt\/index.php?rest_route=\/wp\/v2\/users\/1"}],"replies":[{"embeddable":true,"href":"https:\/\/cercapcdro.org.gt\/index.php?rest_route=%2Fwp%2Fv2%2Fcomments&post=40"}],"version-history":[{"count":2,"href":"https:\/\/cercapcdro.org.gt\/index.php?rest_route=\/wp\/v2\/pages\/40\/revisions"}],"predecessor-version":[{"id":208,"href":"https:\/\/cercapcdro.org.gt\/index.php?rest_route=\/wp\/v2\/pages\/40\/revisions\/208"}],"wp:attachment":[{"href":"https:\/\/cercapcdro.org.gt\/index.php?rest_route=%2Fwp%2Fv2%2Fmedia&parent=40"}],"curies":[{"name":"wp","href":"https:\/\/api.w.org\/{rel}","templated":true}]}}