{"id":39,"date":"2021-01-04T18:32:41","date_gmt":"2021-01-04T18:32:41","guid":{"rendered":"http:\/\/cercapcdro.org.gt\/?page_id=39"},"modified":"2021-01-19T14:32:10","modified_gmt":"2021-01-19T14:32:10","slug":"proyectos","status":"publish","type":"page","link":"https:\/\/cercapcdro.org.gt\/?page_id=39","title":{"rendered":"Proyectos"},"content":{"rendered":"<h1><strong>Actuales:<\/strong><\/h1>\n<table>\n<tbody>\n<tr>\n<td width=\"34\"><strong>No.<\/strong><\/td>\n<td width=\"161\"><strong>Nombre del proyecto\/financiamiento<\/strong><\/td>\n<td width=\"123\"><strong>Cobertura<\/strong><\/td>\n<td width=\"125\"><strong>Componentes y objetivos<\/strong><\/td>\n<td width=\"145\"><strong>Grupo meta<\/strong><\/td>\n<\/tr>\n<tr>\n<td width=\"34\">1<\/td>\n<td width=\"161\">Proyecto Juega conmigo<\/td>\n<td width=\"123\">60 comunidades de 4 municipios de departamento de El Quich\u00e9:<\/p>\n<p>San Pedro Jocopilas<\/p>\n<p>Chich\u00e9<\/p>\n<p>San Antonio Ilotenango<\/p>\n<p>San Bartolom\u00e9 Jocotenango<\/td>\n<td width=\"125\">Contribuir a la mejora del desarrollo infantil de 0 hasta 4 a\u00f1os de edad, llevando a escala pr\u00e1cticas l\u00fadicas innovadoras basadas en evidencia enfocadas en parentalidad positiva<\/p>\n<p>&nbsp;<\/p>\n<p>Promover la interacci\u00f3n significativa entre cuidadores primarios y sus hijos\/as a trav\u00e9s del juego como un\u00a0 medio para potenciar el desarrollo integral y potenciar el involucramiento activo en el rol de parentalidad.<\/p>\n<p>&nbsp;<\/p>\n<p>Fortalecer la capacidad del personal t\u00e9cnico y voluntariado comunitario a trav\u00e9s de un proceso de certificaci\u00f3n de la metodolog\u00eda<\/p>\n<p>&nbsp;<\/p>\n<p>&nbsp;<\/p>\n<p>-Consorcio para la gesti\u00f3n del conocimiento y aprendizaje continuo<\/p>\n<p>-Trabajo en asocio y red para la abogac\u00eda<\/p>\n<p>-Fortalecimiento del tejido comunitario para el desarrollo de la primera infancia y protecci\u00f3n de la ni\u00f1ez<\/p>\n<p>&nbsp;<\/td>\n<td width=\"145\">Ni\u00f1os y ni\u00f1as menores de 4 a\u00f1os<\/p>\n<p>&nbsp;<\/p>\n<p>Madres, padres y cuidadores.<\/p>\n<p>&nbsp;<\/p>\n<p>Autoridades comunitarias locales<\/td>\n<\/tr>\n<tr>\n<td width=\"34\"><strong>No.<\/strong><\/td>\n<td width=\"161\"><strong>Nombre del proyecto\/financiamiento<\/strong><\/td>\n<td width=\"123\"><strong>Cobertura<\/strong><\/td>\n<td width=\"125\"><strong>Componentes y objetivos<\/strong><\/td>\n<td width=\"145\"><strong>Grupo meta<\/strong><\/td>\n<\/tr>\n<tr>\n<td width=\"34\">2<\/td>\n<td width=\"161\"><strong>Proyecto:<br \/>\n<\/strong>Promoviendo el desarrollo infantil y su transici\u00f3n a la juventud<\/td>\n<td width=\"123\">En 30 comunidades, 6 municipios de 2 departamentos Totonicap\u00e1n: Totonicap\u00e1n, Santa Mar\u00eda Chiquimula y Santa Lucia La Reforma; El Quiche: Patzite, Chichicastenango y San Bartolom\u00e9 Jocotenango.<\/td>\n<td width=\"125\">1.\u00a0\u00a0\u00a0\u00a0 Modelos program\u00e1ticos:<\/p>\n<p>\u00b7\u00a0\u00a0\u00a0\u00a0\u00a0\u00a0 Creciendo Contigo<\/p>\n<p>\u00b7\u00a0\u00a0\u00a0\u00a0\u00a0\u00a0 Ni\u00f1ez Segura y Protegida<\/p>\n<p>\u00b7\u00a0\u00a0\u00a0\u00a0\u00a0\u00a0 Me Quiero Me cuido, y<\/p>\n<p>\u00b7\u00a0\u00a0\u00a0\u00a0\u00a0\u00a0 Pacto<\/p>\n<p>2.\u00a0\u00a0\u00a0\u00a0 Patrocinio<\/p>\n<p>3.\u00a0\u00a0\u00a0\u00a0 Protecci\u00f3n de la ni\u00f1ez y adolescencia<\/p>\n<p>&nbsp;<\/td>\n<td width=\"145\">\u00b7\u00a0\u00a0\u00a0\u00a0\u00a0\u00a0 Atenci\u00f3n a m\u00e1s de 3500 infantes, ni\u00f1as, ni\u00f1os, adolescentes y j\u00f3venes de 0 a 24 a\u00f1os, como grupo de impacto<\/p>\n<p>\u00b7\u00a0\u00a0\u00a0\u00a0\u00a0\u00a0 Atenci\u00f3n a madres, padres y cuidadores<\/p>\n<p>\u00b7\u00a0\u00a0\u00a0\u00a0\u00a0\u00a0 Acompa\u00f1amiento y promoci\u00f3n de mecanismos de protecci\u00f3n basado en la comunidad<\/p>\n<p>Formaci\u00f3n a l\u00edderes y lideresas comunitarios en las comunidades de intervenci\u00f3n<\/td>\n<\/tr>\n<\/tbody>\n<\/table>\n<h1><strong>Proyectos Anteriores:<\/strong><\/h1>\n<table>\n<tbody>\n<tr>\n<td width=\"36\">No.<\/td>\n<td width=\"168\"><strong>Nombre del proyecto\/financiamiento<\/strong><\/td>\n<td width=\"129\"><strong>Cobertura<\/strong><\/td>\n<td width=\"124\"><strong>Componentes y objetivos<\/strong><\/td>\n<td width=\"132\"><strong>Principales logros<\/strong><\/td>\n<\/tr>\n<tr>\n<td width=\"36\">1.<\/td>\n<td width=\"168\">Desarrollo local sostenible y fortalecimiento del poder local y la participaci\u00f3n ciudadana en comunidades rurales de las regiones occidente y norte de Guatemala<\/p>\n<p>Financiado por: Uni\u00f3n Europea\/Trias.<\/td>\n<td width=\"129\">4 municipios:<\/p>\n<p>San Juan Ostuncalco y San Miguel Siguila Quetzaltenango.<\/p>\n<p>&nbsp;<\/p>\n<p>Santa Catarina Ixtahuac\u00e1n Solol\u00e1<\/td>\n<td width=\"124\">Objetivo general:<\/p>\n<p>Contribuir al mejoramiento de las condiciones de vida de las familias rurales de los peque\u00f1os productores y micro empresarios en las regiones occidente y norte en Guatemala.<\/p>\n<p>Objetivo espec\u00edfico del proyecto:<\/p>\n<p>Mejora 30% del nivel socioecon\u00f3mico y organizativo de 5000 peque\u00f1os productores agropecuarios y micro empresarios en 7 municipios rurales de, Guatemala<\/td>\n<td width=\"132\">Fortalecimiento institucional de 5 organizaciones comunitarias.<\/p>\n<p>Acceso a capital de trabajo para la productividad en los 5 municipios de cobertura, apoyando a 250 productores y productoras de arveja dulce y papa.<\/p>\n<p>&nbsp;<\/p>\n<p>Apoyo a organizaciones productivas en la implementaci\u00f3n de Buenas pr\u00e1cticas Agr\u00edcolas y de Manufactura para la gesti\u00f3n de certificaciones sanitarias para la exportaci\u00f3n de los productos agr\u00edcolas y la dotaci\u00f3n de equipo y mejoramiento de los centros de acopio<\/td>\n<\/tr>\n<\/tbody>\n<\/table>\n<table>\n<tbody>\n<tr>\n<td width=\"36\">No.<\/td>\n<td width=\"168\"><strong>Nombre del proyecto\/financiamiento<\/strong><\/td>\n<td width=\"129\"><strong>Cobertura<\/strong><\/td>\n<td width=\"124\"><strong>Componentes y objetivos<\/strong><\/td>\n<td width=\"132\"><strong>Principales logros<\/strong><\/td>\n<\/tr>\n<tr>\n<td width=\"36\">2<\/td>\n<td width=\"168\">Proyecto: Institucionalizando los servicios de salud con apego a la cultura propia de las comunidades rurales en el departamento del Quich\u00e9.<\/td>\n<td width=\"129\">4 municipios del departamento de Quich\u00e9:<\/p>\n<p>Chich\u00e9<\/p>\n<p>Chichicastenango<\/p>\n<p>San Pedro Jocopilas<\/p>\n<p>Santa Cruz del Quich\u00e9<\/td>\n<td width=\"124\">Objetivo general:<\/p>\n<p>Contribuir a la mejora de la salud en comunidades rurales del Quich\u00e9<\/td>\n<td width=\"132\">Mejoramiento de los servicios de salud en los tres niveles de atenci\u00f3n<\/p>\n<p>Fortalecimiento de las capacidades de las comisiones de salud, comadronas, terapeutas y Fito terapeutas.<\/p>\n<p>Atenci\u00f3n primaria en salud dirigido a ni\u00f1os, mujeres en edad reproductiva y poblaci\u00f3n en general<\/p>\n<p>Investigaci\u00f3n sobre pr\u00e1cticas comunitarias en salud<\/td>\n<\/tr>\n<\/tbody>\n<\/table>\n<table>\n<tbody>\n<tr>\n<td width=\"36\">No.<\/td>\n<td width=\"168\"><strong>Nombre del proyecto\/financiamiento<\/strong><\/td>\n<td width=\"129\"><strong>Cobertura<\/strong><\/td>\n<td width=\"124\"><strong>Componentes y objetivos<\/strong><\/td>\n<td width=\"132\"><strong>Principales logros<\/strong><\/td>\n<\/tr>\n<tr>\n<td width=\"36\">3<\/td>\n<td width=\"168\">SAQUILAJB&#8217;E: Una ruta clara para hacer\u00a0 valer los\u00a0 derechos de las ni\u00f1as adolescentes ind\u00edgenas en Guatemala.<\/td>\n<td width=\"129\">24 comunidades del municipio de Totonicap\u00e1n, 4 comunidades del municipio de San Francisco el Alto, 5 comunidades de municipio de Santa mar\u00eda Chiquimula, 5 comunidades de Santa Lucia la Reforma,\u00a0 2 comunidades de Municipio de Momostenango; 1 comunidad de San Andr\u00e9s Xecul. A nivel\u00a0 de la regi\u00f3n del Occidente se trabaja\u00a0 en los departamentos de Huehuetenango con 4 municipios,\u00a0 Quetzaltenango 4 municipios,\u00a0 Solol\u00e1 en\u00a0 2 municipios\u00a0\u00a0 Quich\u00e9\u00a0 6 municipios, en San Marcos 3 municipios<\/p>\n<p>&nbsp;<\/td>\n<td width=\"124\">Contribuir a promover el empoderamiento de las ni\u00f1as y mujeres adolescentes ind\u00edgenas de Totonicap\u00e1n y Huehuetenango con \u00e9nfasis en la prevenci\u00f3n del embarazo adolescentes y violencia y con ello mejorar sus oportunidades de vida y el acceso a la educaci\u00f3n, participaci\u00f3n y vida digna.<\/td>\n<td width=\"132\">Ni\u00f1as y adolescentes orientadas a una vida libre de violencia con perspectiva \u00e9tnica.<\/p>\n<p>Promovido el conocimiento y habilidades en adolescentes sobre emprendedurismos como estrategia para la prevenci\u00f3n del embarazo en la adolescencia.<\/p>\n<p>Generada informaci\u00f3n sobre uniones libres a temprana edad, los matrimonios y embarazaos en la adolescencia como herramienta y ruta de intervenci\u00f3n institucional.<\/p>\n<p>Fortalecido la participaci\u00f3n de adolescentes en estructuras propias para generar acciones de incidencia en los niveles comunitarios y municipales<\/p>\n<p>Promovido espacio de di\u00e1logo entre adolescentes y gobierno municipal para el abordado de temas de prevenci\u00f3n (violencia y embarazo en adolescentes).<\/p>\n<p>&nbsp;<\/td>\n<\/tr>\n<\/tbody>\n<\/table>\n<table>\n<tbody>\n<tr>\n<td width=\"36\">No.<\/td>\n<td width=\"168\"><strong>Nombre del proyecto\/financiamiento<\/strong><\/td>\n<td width=\"129\"><strong>Cobertura<\/strong><\/td>\n<td width=\"124\"><strong>Componentes y objetivos<\/strong><\/td>\n<td width=\"132\"><strong>Principales logros<\/strong><\/td>\n<\/tr>\n<tr>\n<td width=\"36\">4<\/td>\n<td width=\"168\">Proyecto: Gobernabilidad y participaci\u00f3n comunitaria para la gesti\u00f3n integral de los recursos naturales en 12 comunidades del municipio de Santa Catarina Ixtahuac\u00e1n Solol\u00e1.<\/p>\n<p>Programa de las Naciones Unidas, Fondo de Adaptaci\u00f3n, Ministerio de Ambiente de Recursos Naturales.<\/td>\n<td width=\"129\">Santa Catarina Ixtahuac\u00e1n 12 comunidades<\/p>\n<p>Nahual\u00e1 12 comunidades<\/p>\n<p>Santa Clara la Laguna 12 comunidades<\/p>\n<p>Santa Luc\u00eda Utatl\u00e1n del departamento de Solol\u00e1.<\/td>\n<td width=\"124\">Gobernabilidad y participaci\u00f3n comunitaria para la gesti\u00f3n integral de los recursos naturales en 12 comunidades del municipio de Santa Catarina Ixtahuac\u00e1n Solol\u00e1<\/p>\n<p>Mejorada la capacidad de producci\u00f3n de alimentos locales y su consumo para la seguridad alimentaria de las familias, aumentando su nivel de resiliencia ante el cambio clim\u00e1tico<\/td>\n<td width=\"132\">Mejoramiento de los medios de vida de las familias rurales.<\/p>\n<p>Recuperaci\u00f3n de bosques a trav\u00e9s de la reforestaci\u00f3n<\/p>\n<p>Mejoramiento de las cadenas productivas<\/p>\n<p>&nbsp;<\/td>\n<\/tr>\n<\/tbody>\n<\/table>\n<table>\n<tbody>\n<tr>\n<td width=\"37\">No.<\/td>\n<td width=\"177\"><strong>Nombre del proyecto\/financiamiento<\/strong><\/td>\n<td width=\"135\"><strong>Cobertura<\/strong><\/td>\n<td width=\"120\"><strong>Componentes y objetivos<\/strong><\/td>\n<td width=\"120\"><strong>Principales logros<\/strong><\/td>\n<\/tr>\n<tr>\n<td width=\"37\">5<\/td>\n<td width=\"177\">El proyecto Titulado \u00abMejorando la capacidad de resiliencia y la respuesta a desastres de poblaciones expuestas a multi-amenazas, de los municipios de San Pedro Jocopilas y San Bartolom\u00e9 Jocotenango, departamento de Quich\u00e9. Financiado por CARE.<\/p>\n<p>2016-2017<\/td>\n<td width=\"135\">San Pedro Jocopilas en 12 comunidades y San Bartolom\u00e9 Jocotenango en 10 comunidades<\/td>\n<td width=\"120\">Organizaci\u00f3n, capacitaci\u00f3n, fortalecimiento, reconocimiento y acreditaci\u00f3n de las COLRED, COMRED y Comit\u00e9s escolareas, como parte de las medidas de preparaci\u00f3n de las comunidades ante una emergencia.<\/p>\n<p>&nbsp;<\/p>\n<p>Fortalecer los principales medios de vida de las comunidades de intervenci\u00f3n del proyecto.<\/td>\n<td width=\"120\">se promovi\u00f3 un uso adecuado de la tierra y reducci\u00f3n del avance de frontera agr\u00edcola. Mejorar la producci\u00f3n de granos b\u00e1sicos, producci\u00f3n de forraje para mejorar la producci\u00f3n animal, diversificaci\u00f3n de cultivos agr\u00edcolas para un control biol\u00f3gico de plagas y enfermedades, por lo tanto se trabajaron estructuras (barreras muertas y vivas) con especies de plantas resistentes a la sequia y que en mediano plazo generaran valor agregado a los comunitarios.<\/td>\n<\/tr>\n<\/tbody>\n<\/table>\n<table>\n<tbody>\n<tr>\n<td width=\"37\">No.<\/td>\n<td width=\"177\"><strong>Nombre del proyecto\/financiamiento<\/strong><\/td>\n<td width=\"135\"><strong>Cobertura<\/strong><\/td>\n<td width=\"120\"><strong>Componentes y objetivos<\/strong><\/td>\n<td width=\"120\"><strong>Principales logros<\/strong><\/td>\n<\/tr>\n<tr>\n<td width=\"37\">6<\/td>\n<td width=\"177\">Proyecto: Nuestros Ni\u00f1os Sanos y Listos.<\/p>\n<p>Financiado por el Banco Mundial, el Fondo Japones y ChildFund Guatemala.<\/td>\n<td width=\"135\">San Pedro Jocopilas 11 comunidades<\/p>\n<p>San Bartolom\u00e9 Jocotenango 7 comunidades<\/p>\n<p>San Antonio Ilotenango 9 comunidades<\/p>\n<p>Chich\u00e9 4 comunidades<\/p>\n<p>Chichicastenango 19 comunidades<\/p>\n<p>Del departamento del Quich\u00e9.<\/td>\n<td width=\"120\">Fortalecer la capacidad de los padres y las comunidades para mejorar y monitorear el desarrollo infantil (f\u00edsico, cognitivo, habilidades socio-emocionales y ling\u00fc\u00edsticas) de los ni\u00f1os menores de dos a\u00f1os en las zonas de intervenci\u00f3n del proyecto.<\/p>\n<p>&nbsp;<\/td>\n<td width=\"120\">Atenci\u00f3n directa a 2168 ni\u00f1os y ni\u00f1as de 0 meses a 4 a\u00f1os de edad, participantes del proyecto quienes mostraron mejoras en su desarrollo.<\/p>\n<p>500 comadronas capacitadas en estimulaci\u00f3n prenatal, desarrollo infantil y \u00e1reas de desarrollo.<\/p>\n<p>&nbsp;<\/p>\n<p>Ferias comunitarias de sensibilizaci\u00f3n en la que participaron m\u00e1s de 6000 familias.<\/p>\n<p>&nbsp;<\/p>\n<p>400 madres gu\u00edas voluntarias capacitadas y certificadas en estimulaci\u00f3n temprana, desarrollo infantil, salud y nutrici\u00f3n.<\/p>\n<p>&nbsp;<\/p>\n<p>35 Consejos Comunitarios de Desarrollo, (Cocode) realizaron acciones a favor de la infancia de su comunidad.<\/p>\n<p>&nbsp;<\/td>\n<\/tr>\n<\/tbody>\n<\/table>\n","protected":false},"excerpt":{"rendered":"<p>Actuales: No. Nombre del proyecto\/financiamiento Cobertura Componentes y objetivos Grupo meta 1 Proyecto Juega conmigo 60 comunidades de 4 municipios de departamento de El Quich\u00e9: San Pedro Jocopilas Chich\u00e9 San Antonio Ilotenango San Bartolom\u00e9 Jocotenango Contribuir a la mejora del desarrollo infantil de 0 hasta 4 a\u00f1os de edad, llevando a escala pr\u00e1cticas l\u00fadicas innovadoras basadas en evidencia enfocadas en parentalidad positiva &nbsp; Promover la interacci\u00f3n significativa entre cuidadores primarios y sus hijos\/as a trav\u00e9s del juego como un\u00a0 medio para potenciar el desarrollo integral y potenciar el involucramiento activo en el rol de parentalidad. &nbsp; Fortalecer la capacidad del&#8230; <\/p>\n","protected":false},"author":1,"featured_media":0,"parent":0,"menu_order":0,"comment_status":"closed","ping_status":"closed","template":"","meta":{"footnotes":""},"class_list":["post-39","page","type-page","status-publish","hentry"],"_links":{"self":[{"href":"https:\/\/cercapcdro.org.gt\/index.php?rest_route=\/wp\/v2\/pages\/39","targetHints":{"allow":["GET"]}}],"collection":[{"href":"https:\/\/cercapcdro.org.gt\/index.php?rest_route=\/wp\/v2\/pages"}],"about":[{"href":"https:\/\/cercapcdro.org.gt\/index.php?rest_route=\/wp\/v2\/types\/page"}],"author":[{"embeddable":true,"href":"https:\/\/cercapcdro.org.gt\/index.php?rest_route=\/wp\/v2\/users\/1"}],"replies":[{"embeddable":true,"href":"https:\/\/cercapcdro.org.gt\/index.php?rest_route=%2Fwp%2Fv2%2Fcomments&post=39"}],"version-history":[{"count":16,"href":"https:\/\/cercapcdro.org.gt\/index.php?rest_route=\/wp\/v2\/pages\/39\/revisions"}],"predecessor-version":[{"id":267,"href":"https:\/\/cercapcdro.org.gt\/index.php?rest_route=\/wp\/v2\/pages\/39\/revisions\/267"}],"wp:attachment":[{"href":"https:\/\/cercapcdro.org.gt\/index.php?rest_route=%2Fwp%2Fv2%2Fmedia&parent=39"}],"curies":[{"name":"wp","href":"https:\/\/api.w.org\/{rel}","templated":true}]}}