{"id":38,"date":"2021-01-04T18:32:41","date_gmt":"2021-01-04T18:32:41","guid":{"rendered":"http:\/\/cercapcdro.org.gt\/?page_id=38"},"modified":"2021-01-05T15:01:28","modified_gmt":"2021-01-05T15:01:28","slug":"sistemas","status":"publish","type":"page","link":"https:\/\/cercapcdro.org.gt\/?page_id=38","title":{"rendered":"Sistemas de Trabajo"},"content":{"rendered":"<p>Los sistemas e instituciones regionales atienden las necesidades y problem\u00e1tica de las comunidades rurales a trav\u00e9s de metodolog\u00edas acopladas a las particularidades de cada territorio de la regi\u00f3n:<\/p>\n<p>&nbsp;<\/p>\n<h2><strong>Sistema de Salud Regional:<\/strong><\/h2>\n<p>Sistema que tiene por objetivo mejorar la atenci\u00f3n y acceso a los servicios b\u00e1sicos de salud especialmente en las comunidades rurales, que han sido las m\u00e1s afectadas por la pobreza y extrema pobreza; especialmente en la salud materno-infantil.<\/p>\n<p>&nbsp;<\/p>\n<h2><strong>Sistema Ambiental Regional:<\/strong><\/h2>\n<p>El sistema ambiental plantea el prop\u00f3sito de contribuir a la sustentabilidad de los recursos naturales, la gesti\u00f3n integral de riesgos ambientales, la investigaci\u00f3n y monitoreo ambiental en contribuci\u00f3n a la mitigaci\u00f3n y adaptaci\u00f3n del cambio clim\u00e1tico.<\/p>\n<p><strong>\u00a0<\/strong><\/p>\n<h2><strong>Sistema Financiero Regional:<\/strong><\/h2>\n<p>Es una instituci\u00f3n que facilita programas, productos y servicios financieros innovadores en condiciones justas y equitativas a Organizaciones y comunidades con el objetivo de generar recursos o capitales en los diferentes territorios, que le den acceso a capital de trabajo, ahorro y distintas modalidades de inversi\u00f3n a las comunidades rurales de acuerdo a sus formas de vida<\/p>\n<p>&nbsp;<\/p>\n<h2><strong>Agencia Comunitaria de Desarrollo Regional: <\/strong><\/h2>\n<p>Es un programa de apoyo al desarrollo rural integral, impulsado por organizaciones comunitarias, establecido con el prop\u00f3sito de canalizar fondos para la ejecuci\u00f3n de proyectos, programas e instituciones comunales que atiendan las necesidades de los habitantes de comunidades rurales, basados en el marco cultural, sus ciclos y sus particularidades propias.<\/p>\n<p><strong>\u00a0<\/strong><\/p>\n<h2><strong>Centro de Desarrollo Empresarial Regional:<\/strong><\/h2>\n<p>Es una instituci\u00f3n regional que ofrece productos, servicios e innovaci\u00f3n empresarial a las organizaciones y comunidades seg\u00fan las potencialidades de cada territorio. Su objetivo es impulsar de manera integral la empresarialidad de base comunitaria que dinamice la econom\u00eda local a la nacional a trav\u00e9s de modelos empresariales comunitarias, empresas rurales de distinta \u00edndole, emprendimientos juveniles, entre otros, todo ello en armon\u00eda con la naturaleza y la cultura propia.<\/p>\n<p>&nbsp;<\/p>\n<h2><strong>Sistema de formaci\u00f3n:<\/strong><\/h2>\n<p>Dedicada a la formaci\u00f3n del recurso humano de organizaciones comunitarias de la Regi\u00f3n Occidente. Tiene el fin primordial crear o fortalecer capacidades de la dirigencia comunitaria para apoyar la institucionalizaci\u00f3n de proyectos, programas y servicios necesarios en las comunidades rurales para resolver su problem\u00e1tica y necesidades sociales, econ\u00f3micas y pol\u00edticas; se basa en la estrategia de la participaci\u00f3n total de la comunidad y se sustenta bajo los principios del marco cultural, la complementariedad y apoyo mutuo, a trav\u00e9s del funcionamiento de facultades, Escuelas No\u00b4j y otras.<\/p>\n<p>&nbsp;<\/p>\n<h2><strong>Centro de Investigaci\u00f3n y Documentaci\u00f3n:<\/strong><\/h2>\n<p>Tiene como objetivo fomentar la investigaci\u00f3n, estudio e interpretaci\u00f3n de la realidad de la regi\u00f3n Occidente, para proponer soluciones orientadas en el desarrollo rural, esto a trav\u00e9s de un sistema de investigaci\u00f3n aplicada, redes de investigadores mayas, procesos de incidencia pol\u00edtica y aportes a pol\u00edticas p\u00fablicas.<\/p>\n<p>Los sistemas e instituciones regionales atienden las necesidades y problem\u00e1tica de las comunidades rurales a trav\u00e9s de metodolog\u00edas acopladas a las particularidades de cada territorio de la regi\u00f3n:<\/p>\n<p>&nbsp;<\/p>\n<p>&nbsp;<\/p>\n","protected":false},"excerpt":{"rendered":"<p>Los sistemas e instituciones regionales atienden las necesidades y problem\u00e1tica de las comunidades rurales a trav\u00e9s de metodolog\u00edas acopladas a las particularidades de cada territorio de la regi\u00f3n: &nbsp; Sistema de Salud Regional: Sistema que tiene por objetivo mejorar la atenci\u00f3n y acceso a los servicios b\u00e1sicos de salud especialmente en las comunidades rurales, que han sido las m\u00e1s afectadas por la pobreza y extrema pobreza; especialmente en la salud materno-infantil. &nbsp; Sistema Ambiental Regional: El sistema ambiental plantea el prop\u00f3sito de contribuir a la sustentabilidad de los recursos naturales, la gesti\u00f3n integral de riesgos ambientales, la investigaci\u00f3n y monitoreo&#8230; <\/p>\n","protected":false},"author":1,"featured_media":0,"parent":0,"menu_order":0,"comment_status":"closed","ping_status":"closed","template":"","meta":{"footnotes":""},"class_list":["post-38","page","type-page","status-publish","hentry"],"_links":{"self":[{"href":"https:\/\/cercapcdro.org.gt\/index.php?rest_route=\/wp\/v2\/pages\/38","targetHints":{"allow":["GET"]}}],"collection":[{"href":"https:\/\/cercapcdro.org.gt\/index.php?rest_route=\/wp\/v2\/pages"}],"about":[{"href":"https:\/\/cercapcdro.org.gt\/index.php?rest_route=\/wp\/v2\/types\/page"}],"author":[{"embeddable":true,"href":"https:\/\/cercapcdro.org.gt\/index.php?rest_route=\/wp\/v2\/users\/1"}],"replies":[{"embeddable":true,"href":"https:\/\/cercapcdro.org.gt\/index.php?rest_route=%2Fwp%2Fv2%2Fcomments&post=38"}],"version-history":[{"count":6,"href":"https:\/\/cercapcdro.org.gt\/index.php?rest_route=\/wp\/v2\/pages\/38\/revisions"}],"predecessor-version":[{"id":200,"href":"https:\/\/cercapcdro.org.gt\/index.php?rest_route=\/wp\/v2\/pages\/38\/revisions\/200"}],"wp:attachment":[{"href":"https:\/\/cercapcdro.org.gt\/index.php?rest_route=%2Fwp%2Fv2%2Fmedia&parent=38"}],"curies":[{"name":"wp","href":"https:\/\/api.w.org\/{rel}","templated":true}]}}