{"id":37,"date":"2021-01-04T18:32:41","date_gmt":"2021-01-04T18:32:41","guid":{"rendered":"http:\/\/cercapcdro.org.gt\/?page_id=37"},"modified":"2021-01-19T15:11:02","modified_gmt":"2021-01-19T15:11:02","slug":"programas","status":"publish","type":"page","link":"https:\/\/cercapcdro.org.gt\/?page_id=37","title":{"rendered":"Programas"},"content":{"rendered":"<p>Con el fin de mejorar las capacidades organizativas, t\u00e9cnicas, administrativas de las organizaciones comunitarias de la regi\u00f3n Occidente, el Centro Regional de Capacitaci\u00f3n cuenta con los siguientes programas de trabajo:<\/p>\n<p><strong>a.\u00a0 La formaci\u00f3n del recurso humano mediante la Escuela No\u00b4j:<\/strong> para el desarrollo de capacidades de gobernabilidad, t\u00e9cnica y gerencial en las Organizaciones Comunitaria que permita contar con recurso humano propio para la implementaci\u00f3n de su modelo de trabajo.<\/p>\n<p><img loading=\"lazy\" decoding=\"async\" class=\"alignnone size-large wp-image-289\" src=\"http:\/\/cercapcdro.org.gt\/wp-content\/uploads\/2021\/01\/WhatsApp-Image-2021-01-15-at-16.54.29-1-1024x768.jpeg\" alt=\"\" width=\"1024\" height=\"768\" srcset=\"https:\/\/cercapcdro.org.gt\/wp-content\/uploads\/2021\/01\/WhatsApp-Image-2021-01-15-at-16.54.29-1-1024x768.jpeg 1024w, https:\/\/cercapcdro.org.gt\/wp-content\/uploads\/2021\/01\/WhatsApp-Image-2021-01-15-at-16.54.29-1-300x225.jpeg 300w, https:\/\/cercapcdro.org.gt\/wp-content\/uploads\/2021\/01\/WhatsApp-Image-2021-01-15-at-16.54.29-1-768x576.jpeg 768w, https:\/\/cercapcdro.org.gt\/wp-content\/uploads\/2021\/01\/WhatsApp-Image-2021-01-15-at-16.54.29-1.jpeg 1280w\" sizes=\"auto, (max-width: 1024px) 100vw, 1024px\" \/><\/p>\n<p><strong>b.\u00a0 Acompa\u00f1amiento, asistencia t\u00e9cnica:<\/strong> se refiere al seguimiento personalizado que se brinda al trabajo de las organizaciones comunitarias a trav\u00e9s de un equipo humano capacitado en las diversas tem\u00e1ticas, en los \u00e1mbitos sociales, pol\u00edticos y econ\u00f3micos, viabilizando la puesta en pr\u00e1ctica y\/u operatividad de las acciones locales.<\/p>\n<p><img loading=\"lazy\" decoding=\"async\" class=\"alignnone size-large wp-image-292\" src=\"http:\/\/cercapcdro.org.gt\/wp-content\/uploads\/2021\/01\/WhatsApp-Image-2021-01-15-at-16.54.29-1024x768.jpeg\" alt=\"\" width=\"1024\" height=\"768\" srcset=\"https:\/\/cercapcdro.org.gt\/wp-content\/uploads\/2021\/01\/WhatsApp-Image-2021-01-15-at-16.54.29-1024x768.jpeg 1024w, https:\/\/cercapcdro.org.gt\/wp-content\/uploads\/2021\/01\/WhatsApp-Image-2021-01-15-at-16.54.29-300x225.jpeg 300w, https:\/\/cercapcdro.org.gt\/wp-content\/uploads\/2021\/01\/WhatsApp-Image-2021-01-15-at-16.54.29-768x576.jpeg 768w, https:\/\/cercapcdro.org.gt\/wp-content\/uploads\/2021\/01\/WhatsApp-Image-2021-01-15-at-16.54.29.jpeg 1280w\" sizes=\"auto, (max-width: 1024px) 100vw, 1024px\" \/><\/p>\n<p><strong>c.\u00a0 Investigaci\u00f3n y Sistematizaci\u00f3n:<\/strong> facilitar a las organizaciones conocimiento e informaci\u00f3n estudiada y organizada en la tem\u00e1tica relacionada al desarrollo rural y la participaci\u00f3n total de la comunidad permiti\u00e9ndoles fortalecer sus programas o crear nuevos programas de trabajo apegados a las necesidades de la comunidad.<\/p>\n<p><img loading=\"lazy\" decoding=\"async\" class=\"alignnone size-large wp-image-291\" src=\"http:\/\/cercapcdro.org.gt\/wp-content\/uploads\/2021\/01\/WhatsApp-Image-2021-01-15-at-16.54.28-1024x768.jpeg\" alt=\"\" width=\"1024\" height=\"768\" srcset=\"https:\/\/cercapcdro.org.gt\/wp-content\/uploads\/2021\/01\/WhatsApp-Image-2021-01-15-at-16.54.28-1024x768.jpeg 1024w, https:\/\/cercapcdro.org.gt\/wp-content\/uploads\/2021\/01\/WhatsApp-Image-2021-01-15-at-16.54.28-300x225.jpeg 300w, https:\/\/cercapcdro.org.gt\/wp-content\/uploads\/2021\/01\/WhatsApp-Image-2021-01-15-at-16.54.28-768x576.jpeg 768w, https:\/\/cercapcdro.org.gt\/wp-content\/uploads\/2021\/01\/WhatsApp-Image-2021-01-15-at-16.54.28.jpeg 1280w\" sizes=\"auto, (max-width: 1024px) 100vw, 1024px\" \/><\/p>\n<p>&nbsp;<\/p>\n<p><strong>d.\u00a0 Generaci\u00f3n de v\u00ednculos de trabajo:<\/strong> para mantener la unidad y compromisos de las organizaciones hacia el proyecto regional, los v\u00ednculos pueden ser t\u00e9cnicos, econ\u00f3micos, de apoyo pol\u00edtico en sus gestiones Institucionales.<\/p>\n<p><img loading=\"lazy\" decoding=\"async\" class=\"alignnone size-large wp-image-290\" src=\"http:\/\/cercapcdro.org.gt\/wp-content\/uploads\/2021\/01\/WhatsApp-Image-2021-01-15-at-16.54.30-1-1024x768.jpeg\" alt=\"\" width=\"1024\" height=\"768\" srcset=\"https:\/\/cercapcdro.org.gt\/wp-content\/uploads\/2021\/01\/WhatsApp-Image-2021-01-15-at-16.54.30-1-1024x768.jpeg 1024w, https:\/\/cercapcdro.org.gt\/wp-content\/uploads\/2021\/01\/WhatsApp-Image-2021-01-15-at-16.54.30-1-300x225.jpeg 300w, https:\/\/cercapcdro.org.gt\/wp-content\/uploads\/2021\/01\/WhatsApp-Image-2021-01-15-at-16.54.30-1-768x576.jpeg 768w, https:\/\/cercapcdro.org.gt\/wp-content\/uploads\/2021\/01\/WhatsApp-Image-2021-01-15-at-16.54.30-1.jpeg 1280w\" sizes=\"auto, (max-width: 1024px) 100vw, 1024px\" \/><\/p>\n<p>&nbsp;<\/p>\n","protected":false},"excerpt":{"rendered":"<p>Con el fin de mejorar las capacidades organizativas, t\u00e9cnicas, administrativas de las organizaciones comunitarias de la regi\u00f3n Occidente, el Centro Regional de Capacitaci\u00f3n cuenta con los siguientes programas de trabajo: a.\u00a0 La formaci\u00f3n del recurso humano mediante la Escuela No\u00b4j: para el desarrollo de capacidades de gobernabilidad, t\u00e9cnica y gerencial en las Organizaciones Comunitaria que permita contar con recurso humano propio para la implementaci\u00f3n de su modelo de trabajo. b.\u00a0 Acompa\u00f1amiento, asistencia t\u00e9cnica: se refiere al seguimiento personalizado que se brinda al trabajo de las organizaciones comunitarias a trav\u00e9s de un equipo humano capacitado en las diversas tem\u00e1ticas, en los&#8230; <\/p>\n","protected":false},"author":1,"featured_media":0,"parent":0,"menu_order":0,"comment_status":"closed","ping_status":"closed","template":"","meta":{"footnotes":""},"class_list":["post-37","page","type-page","status-publish","hentry"],"_links":{"self":[{"href":"https:\/\/cercapcdro.org.gt\/index.php?rest_route=\/wp\/v2\/pages\/37","targetHints":{"allow":["GET"]}}],"collection":[{"href":"https:\/\/cercapcdro.org.gt\/index.php?rest_route=\/wp\/v2\/pages"}],"about":[{"href":"https:\/\/cercapcdro.org.gt\/index.php?rest_route=\/wp\/v2\/types\/page"}],"author":[{"embeddable":true,"href":"https:\/\/cercapcdro.org.gt\/index.php?rest_route=\/wp\/v2\/users\/1"}],"replies":[{"embeddable":true,"href":"https:\/\/cercapcdro.org.gt\/index.php?rest_route=%2Fwp%2Fv2%2Fcomments&post=37"}],"version-history":[{"count":14,"href":"https:\/\/cercapcdro.org.gt\/index.php?rest_route=\/wp\/v2\/pages\/37\/revisions"}],"predecessor-version":[{"id":293,"href":"https:\/\/cercapcdro.org.gt\/index.php?rest_route=\/wp\/v2\/pages\/37\/revisions\/293"}],"wp:attachment":[{"href":"https:\/\/cercapcdro.org.gt\/index.php?rest_route=%2Fwp%2Fv2%2Fmedia&parent=37"}],"curies":[{"name":"wp","href":"https:\/\/api.w.org\/{rel}","templated":true}]}}