{"id":33,"date":"2021-01-04T18:32:41","date_gmt":"2021-01-04T18:32:41","guid":{"rendered":"http:\/\/cercapcdro.org.gt\/?page_id=33"},"modified":"2021-01-05T15:30:10","modified_gmt":"2021-01-05T15:30:10","slug":"servicios","status":"publish","type":"page","link":"https:\/\/cercapcdro.org.gt\/?page_id=33","title":{"rendered":"SERVICIOS"},"content":{"rendered":"<p><strong>Uso de servicios log\u00edsticos:<\/strong><\/p>\n<p>El Centro Regional de Capacitaci\u00f3n, cuenta con instalaciones para el desarrollo de eventos acad\u00e9micos, sociales, religiosos, entre otros.<\/p>\n<p>Los servicios disponibles son:<\/p>\n<ul>\n<li>Salones*<\/li>\n<li>Alimentaci\u00f3n *<\/li>\n<li>Hospedaje *<\/li>\n<li>Transporte*<\/li>\n<\/ul>\n<p>La prestaci\u00f3n de estos servicios son parte de la autosostenibidad del Centro de Capacitaci\u00f3n.<\/p>\n<p>\u00a1\u00a1 Al hacer usos de estos servicios esta contribuyendo con los proyectos que el Centro Regional de Capacitaci\u00f3n realiza en el Occidente de Guatemala!!<\/p>\n","protected":false},"excerpt":{"rendered":"<p>Uso de servicios log\u00edsticos: El Centro Regional de Capacitaci\u00f3n, cuenta con instalaciones para el desarrollo de eventos acad\u00e9micos, sociales, religiosos, entre otros. Los servicios disponibles son: Salones* Alimentaci\u00f3n * Hospedaje * Transporte* La prestaci\u00f3n de estos servicios son parte de la autosostenibidad del Centro de Capacitaci\u00f3n. \u00a1\u00a1 Al hacer usos de estos servicios esta contribuyendo con los proyectos que el Centro Regional de Capacitaci\u00f3n realiza en el Occidente de Guatemala!!<\/p>\n","protected":false},"author":1,"featured_media":0,"parent":0,"menu_order":0,"comment_status":"closed","ping_status":"closed","template":"","meta":{"footnotes":""},"class_list":["post-33","page","type-page","status-publish","hentry"],"_links":{"self":[{"href":"https:\/\/cercapcdro.org.gt\/index.php?rest_route=\/wp\/v2\/pages\/33","targetHints":{"allow":["GET"]}}],"collection":[{"href":"https:\/\/cercapcdro.org.gt\/index.php?rest_route=\/wp\/v2\/pages"}],"about":[{"href":"https:\/\/cercapcdro.org.gt\/index.php?rest_route=\/wp\/v2\/types\/page"}],"author":[{"embeddable":true,"href":"https:\/\/cercapcdro.org.gt\/index.php?rest_route=\/wp\/v2\/users\/1"}],"replies":[{"embeddable":true,"href":"https:\/\/cercapcdro.org.gt\/index.php?rest_route=%2Fwp%2Fv2%2Fcomments&post=33"}],"version-history":[{"count":4,"href":"https:\/\/cercapcdro.org.gt\/index.php?rest_route=\/wp\/v2\/pages\/33\/revisions"}],"predecessor-version":[{"id":250,"href":"https:\/\/cercapcdro.org.gt\/index.php?rest_route=\/wp\/v2\/pages\/33\/revisions\/250"}],"wp:attachment":[{"href":"https:\/\/cercapcdro.org.gt\/index.php?rest_route=%2Fwp%2Fv2%2Fmedia&parent=33"}],"curies":[{"name":"wp","href":"https:\/\/api.w.org\/{rel}","templated":true}]}}