{"id":29,"date":"2021-01-04T18:32:41","date_gmt":"2021-01-04T18:32:41","guid":{"rendered":"http:\/\/cercapcdro.org.gt\/?page_id=29"},"modified":"2021-01-07T17:18:06","modified_gmt":"2021-01-07T17:18:06","slug":"quienes-somos","status":"publish","type":"page","link":"https:\/\/cercapcdro.org.gt\/?page_id=29","title":{"rendered":"\u00bfQUI\u00c9NES SOMOS?"},"content":{"rendered":"<h1><strong>Definici\u00f3n institucional<\/strong><\/h1>\n<p style=\"text-align: left;\">El Centro Regional de Capacitaci\u00f3n para la Participaci\u00f3n Comunitaria con sus siglas CERCAP es un sistema regional dedicado al impulso del modelo de desarrollo integral, equitativo y sustentable, basado en la filosof\u00eda y metodolog\u00eda de la participaci\u00f3n comunitaria desarrollada por la Asociaci\u00f3n CDRO.<\/p>\n<p><img loading=\"lazy\" decoding=\"async\" class=\"alignnone wp-image-161\" src=\"http:\/\/cercapcdro.org.gt\/wp-content\/uploads\/2021\/01\/DJI_0071-300x169.jpg\" alt=\"\" width=\"1216\" height=\"685\" srcset=\"https:\/\/cercapcdro.org.gt\/wp-content\/uploads\/2021\/01\/DJI_0071-300x169.jpg 300w, https:\/\/cercapcdro.org.gt\/wp-content\/uploads\/2021\/01\/DJI_0071-1024x576.jpg 1024w, https:\/\/cercapcdro.org.gt\/wp-content\/uploads\/2021\/01\/DJI_0071-768x432.jpg 768w, https:\/\/cercapcdro.org.gt\/wp-content\/uploads\/2021\/01\/DJI_0071-1536x864.jpg 1536w, https:\/\/cercapcdro.org.gt\/wp-content\/uploads\/2021\/01\/DJI_0071-2048x1152.jpg 2048w\" sizes=\"auto, (max-width: 1216px) 100vw, 1216px\" \/><\/p>\n<p>Su trabajo se fundamenta en la creaci\u00f3n de capacidades humanas, sociales, f\u00edsicas, financieras y naturales a nivel local que permitan el desarrollo integral, desarrollando a trav\u00e9s de la organizaci\u00f3n comunitaria, proyectos, programas e instituciones que atiendan las necesidades y problem\u00e1ticas y mejoren las condiciones sociales, econ\u00f3micas, pol\u00edticas, ambientales y culturales de familias, mujeres, j\u00f3venes, ni\u00f1os y comunidades rurales en general.<\/p>\n<p>&nbsp;<\/p>\n<h2><strong>Objetivo General<\/strong><\/h2>\n<p>Mejorar las condiciones de vida de las y los habitantes de las comunidades rurales de la Regi\u00f3n Occidental de Guatemala, de manera integral, equitativa y sostenible, estableciendo el modelo de la participaci\u00f3n total de la comunidad.<\/p>\n\n\t\t<style type=\"text\/css\">\n\t\t\t#gallery-1 {\n\t\t\t\tmargin: auto;\n\t\t\t}\n\t\t\t#gallery-1 .gallery-item {\n\t\t\t\tfloat: left;\n\t\t\t\tmargin-top: 10px;\n\t\t\t\ttext-align: center;\n\t\t\t\twidth: 33%;\n\t\t\t}\n\t\t\t#gallery-1 img {\n\t\t\t\tborder: 2px solid #cfcfcf;\n\t\t\t}\n\t\t\t#gallery-1 .gallery-caption {\n\t\t\t\tmargin-left: 0;\n\t\t\t}\n\t\t\t\/* see gallery_shortcode() in wp-includes\/media.php *\/\n\t\t<\/style>\n\t\t<div id='gallery-1' class='gallery galleryid-29 gallery-columns-3 gallery-size-full'><dl class='gallery-item'>\n\t\t\t<dt class='gallery-icon landscape'>\n\t\t\t\t<a href='https:\/\/cercapcdro.org.gt\/?attachment_id=163#main'><img loading=\"lazy\" decoding=\"async\" width=\"2560\" height=\"1440\" src=\"https:\/\/cercapcdro.org.gt\/wp-content\/uploads\/2021\/01\/DJI_0059-scaled.jpg\" class=\"attachment-full size-full\" alt=\"\" srcset=\"https:\/\/cercapcdro.org.gt\/wp-content\/uploads\/2021\/01\/DJI_0059-scaled.jpg 2560w, https:\/\/cercapcdro.org.gt\/wp-content\/uploads\/2021\/01\/DJI_0059-300x169.jpg 300w, https:\/\/cercapcdro.org.gt\/wp-content\/uploads\/2021\/01\/DJI_0059-1024x576.jpg 1024w, https:\/\/cercapcdro.org.gt\/wp-content\/uploads\/2021\/01\/DJI_0059-768x432.jpg 768w, https:\/\/cercapcdro.org.gt\/wp-content\/uploads\/2021\/01\/DJI_0059-1536x864.jpg 1536w, https:\/\/cercapcdro.org.gt\/wp-content\/uploads\/2021\/01\/DJI_0059-2048x1152.jpg 2048w\" sizes=\"auto, (max-width: 2560px) 100vw, 2560px\" \/><\/a>\n\t\t\t<\/dt><\/dl><dl class='gallery-item'>\n\t\t\t<dt class='gallery-icon landscape'>\n\t\t\t\t<a href='https:\/\/cercapcdro.org.gt\/?attachment_id=162#main'><img loading=\"lazy\" decoding=\"async\" width=\"2560\" height=\"1440\" src=\"https:\/\/cercapcdro.org.gt\/wp-content\/uploads\/2021\/01\/DJI_0064-scaled.jpg\" class=\"attachment-full size-full\" alt=\"\" srcset=\"https:\/\/cercapcdro.org.gt\/wp-content\/uploads\/2021\/01\/DJI_0064-scaled.jpg 2560w, https:\/\/cercapcdro.org.gt\/wp-content\/uploads\/2021\/01\/DJI_0064-300x169.jpg 300w, https:\/\/cercapcdro.org.gt\/wp-content\/uploads\/2021\/01\/DJI_0064-1024x576.jpg 1024w, https:\/\/cercapcdro.org.gt\/wp-content\/uploads\/2021\/01\/DJI_0064-768x432.jpg 768w, https:\/\/cercapcdro.org.gt\/wp-content\/uploads\/2021\/01\/DJI_0064-1536x864.jpg 1536w, https:\/\/cercapcdro.org.gt\/wp-content\/uploads\/2021\/01\/DJI_0064-2048x1152.jpg 2048w\" sizes=\"auto, (max-width: 2560px) 100vw, 2560px\" \/><\/a>\n\t\t\t<\/dt><\/dl><dl class='gallery-item'>\n\t\t\t<dt class='gallery-icon landscape'>\n\t\t\t\t<a href='https:\/\/cercapcdro.org.gt\/?attachment_id=164#main'><img loading=\"lazy\" decoding=\"async\" width=\"2560\" height=\"1440\" src=\"https:\/\/cercapcdro.org.gt\/wp-content\/uploads\/2021\/01\/DJI_0037-scaled.jpg\" class=\"attachment-full size-full\" alt=\"\" srcset=\"https:\/\/cercapcdro.org.gt\/wp-content\/uploads\/2021\/01\/DJI_0037-scaled.jpg 2560w, https:\/\/cercapcdro.org.gt\/wp-content\/uploads\/2021\/01\/DJI_0037-300x169.jpg 300w, https:\/\/cercapcdro.org.gt\/wp-content\/uploads\/2021\/01\/DJI_0037-1024x576.jpg 1024w, https:\/\/cercapcdro.org.gt\/wp-content\/uploads\/2021\/01\/DJI_0037-768x432.jpg 768w, https:\/\/cercapcdro.org.gt\/wp-content\/uploads\/2021\/01\/DJI_0037-1536x864.jpg 1536w, https:\/\/cercapcdro.org.gt\/wp-content\/uploads\/2021\/01\/DJI_0037-2048x1152.jpg 2048w\" sizes=\"auto, (max-width: 2560px) 100vw, 2560px\" \/><\/a>\n\t\t\t<\/dt><\/dl><br style=\"clear: both\" \/>\n\t\t<\/div>\n\n<p>&nbsp;<\/p>\n<h2><strong>Objetivos espec\u00edficos<\/strong><\/h2>\n<ul>\n<li>Brindar acompa\u00f1amiento, asistencia t\u00e9cnica, a las organizaciones para que implementen su modelo de desarrollo local.<\/li>\n<li>Desarrollar capacidades, en gobernabilidad, t\u00e9cnica y gerencial en las Organizaciones Comunitaria que permita contar con recurso humano propio para la implementaci\u00f3n de su modelo de trabajo<\/li>\n<li>Facilitar a las organizaciones conocimiento e informaci\u00f3n estudiada y organizada en la tem\u00e1tica relacionada al desarrollo rural y la participaci\u00f3n total de la comunidad, permiti\u00e9ndoles con ello fortalecer sus programas o crear nuevos programas de trabajo, gesti\u00f3n de proyectos, apegados a las necesidades de las comunidades rurales.<\/li>\n<\/ul>\n<p><img loading=\"lazy\" decoding=\"async\" class=\"alignnone wp-image-24\" src=\"http:\/\/cercapcdro.org.gt\/wp-content\/uploads\/2021\/01\/11-300x123.jpg\" alt=\"\" width=\"1280\" height=\"525\" srcset=\"https:\/\/cercapcdro.org.gt\/wp-content\/uploads\/2021\/01\/11-300x123.jpg 300w, https:\/\/cercapcdro.org.gt\/wp-content\/uploads\/2021\/01\/11-1024x421.jpg 1024w, https:\/\/cercapcdro.org.gt\/wp-content\/uploads\/2021\/01\/11-768x316.jpg 768w, https:\/\/cercapcdro.org.gt\/wp-content\/uploads\/2021\/01\/11-1536x631.jpg 1536w, https:\/\/cercapcdro.org.gt\/wp-content\/uploads\/2021\/01\/11-2048x841.jpg 2048w\" sizes=\"auto, (max-width: 1280px) 100vw, 1280px\" \/><\/p>\n<h2><strong>Misi\u00f3n:\u00a0<\/strong><\/h2>\n<p>Impulsamos el desarrollo integral en la regi\u00f3n a trav\u00e9s del fortalecimiento organizativo, formaci\u00f3n de recursos humanos, investigaci\u00f3n y sistematizaci\u00f3n y compartimiento de experiencias, facilitando la participaci\u00f3n comunitaria en los procesos de desarrollo.<\/p>\n<h2><strong>Principios y valores:<\/strong><\/h2>\n<ul>\n<li>Participaci\u00f3n total de la comunidad<\/li>\n<li>Unidad<\/li>\n<li>Visi\u00f3n global<\/li>\n<li>Visi\u00f3n micro regional<\/li>\n<li>Visi\u00f3n regional<\/li>\n<li>Horizontalidad<\/li>\n<li>Equilibrio<\/li>\n<li>La propiedad comunal<\/li>\n<li>Apoyo mutuo<\/li>\n<li>Marco cultural<\/li>\n<li>Complementariedad<\/li>\n<\/ul>\n<h2><strong>Cobertura:<\/strong><\/h2>\n<p><img loading=\"lazy\" decoding=\"async\" class=\"alignnone size-full wp-image-255\" src=\"http:\/\/cercapcdro.org.gt\/wp-content\/uploads\/2021\/01\/manta-de-cobertura-cercap.jpg\" alt=\"\" width=\"960\" height=\"720\" srcset=\"https:\/\/cercapcdro.org.gt\/wp-content\/uploads\/2021\/01\/manta-de-cobertura-cercap.jpg 960w, https:\/\/cercapcdro.org.gt\/wp-content\/uploads\/2021\/01\/manta-de-cobertura-cercap-300x225.jpg 300w, https:\/\/cercapcdro.org.gt\/wp-content\/uploads\/2021\/01\/manta-de-cobertura-cercap-768x576.jpg 768w\" sizes=\"auto, (max-width: 960px) 100vw, 960px\" \/><\/p>\n<ul>\n<li>Quich\u00e9<\/li>\n<li>Solol\u00e1<\/li>\n<li>San Marcos<\/li>\n<li>Huehuetenango<\/li>\n<li>Quetzaltenango<\/li>\n<li>Totonicap\u00e1n<\/li>\n<\/ul>\n","protected":false},"excerpt":{"rendered":"<p>Definici\u00f3n institucional El Centro Regional de Capacitaci\u00f3n para la Participaci\u00f3n Comunitaria con sus siglas CERCAP es un sistema regional dedicado al impulso del modelo de desarrollo integral, equitativo y sustentable, basado en la filosof\u00eda y metodolog\u00eda de la participaci\u00f3n comunitaria desarrollada por la Asociaci\u00f3n CDRO. Su trabajo se fundamenta en la creaci\u00f3n de capacidades humanas, sociales, f\u00edsicas, financieras y naturales a nivel local que permitan el desarrollo integral, desarrollando a trav\u00e9s de la organizaci\u00f3n comunitaria, proyectos, programas e instituciones que atiendan las necesidades y problem\u00e1ticas y mejoren las condiciones sociales, econ\u00f3micas, pol\u00edticas, ambientales y culturales de familias, mujeres, j\u00f3venes, ni\u00f1os&#8230; <\/p>\n","protected":false},"author":1,"featured_media":0,"parent":0,"menu_order":0,"comment_status":"closed","ping_status":"closed","template":"","meta":{"footnotes":""},"class_list":["post-29","page","type-page","status-publish","hentry"],"_links":{"self":[{"href":"https:\/\/cercapcdro.org.gt\/index.php?rest_route=\/wp\/v2\/pages\/29","targetHints":{"allow":["GET"]}}],"collection":[{"href":"https:\/\/cercapcdro.org.gt\/index.php?rest_route=\/wp\/v2\/pages"}],"about":[{"href":"https:\/\/cercapcdro.org.gt\/index.php?rest_route=\/wp\/v2\/types\/page"}],"author":[{"embeddable":true,"href":"https:\/\/cercapcdro.org.gt\/index.php?rest_route=\/wp\/v2\/users\/1"}],"replies":[{"embeddable":true,"href":"https:\/\/cercapcdro.org.gt\/index.php?rest_route=%2Fwp%2Fv2%2Fcomments&post=29"}],"version-history":[{"count":8,"href":"https:\/\/cercapcdro.org.gt\/index.php?rest_route=\/wp\/v2\/pages\/29\/revisions"}],"predecessor-version":[{"id":256,"href":"https:\/\/cercapcdro.org.gt\/index.php?rest_route=\/wp\/v2\/pages\/29\/revisions\/256"}],"wp:attachment":[{"href":"https:\/\/cercapcdro.org.gt\/index.php?rest_route=%2Fwp%2Fv2%2Fmedia&parent=29"}],"curies":[{"name":"wp","href":"https:\/\/api.w.org\/{rel}","templated":true}]}}