{"id":269,"date":"2021-01-19T14:38:31","date_gmt":"2021-01-19T14:38:31","guid":{"rendered":"http:\/\/cercapcdro.org.gt\/?page_id=269"},"modified":"2021-04-05T19:04:00","modified_gmt":"2021-04-05T19:04:00","slug":"desarrollo-infantil","status":"publish","type":"page","link":"https:\/\/cercapcdro.org.gt\/?page_id=269","title":{"rendered":"Proyecto: Promoviendo el desarrollo infantil y su transici\u00f3n a la juventud"},"content":{"rendered":"<table>\n<tbody>\n<tr>\n<td width=\"34\"><strong>No.<\/strong><\/td>\n<td width=\"161\"><strong>Nombre del proyecto\/financiamiento<\/strong><\/td>\n<td width=\"123\"><strong>Cobertura<\/strong><\/td>\n<td width=\"125\"><strong>Componentes y objetivos<\/strong><\/td>\n<td width=\"145\"><strong>Grupo meta<\/strong><\/td>\n<\/tr>\n<tr>\n<td width=\"34\">2<\/td>\n<td width=\"161\"><strong>Proyecto:<br \/>\n<\/strong>Promoviendo el desarrollo infantil y su transici\u00f3n a la juventud<\/td>\n<td width=\"123\">En 30 comunidades, 6 municipios de 2 departamentos <strong>Totonicap\u00e1n:<\/strong> Totonicap\u00e1n, Santa Mar\u00eda Chiquimula y Santa Lucia La Reforma; <strong>El Quiche: <\/strong>Patzite, Chichicastenango y San Bartolom\u00e9 Jocotenango.<\/td>\n<td width=\"125\">1.\u00a0\u00a0\u00a0\u00a0 Modelos program\u00e1ticos:<\/p>\n<p>\u00b7\u00a0\u00a0\u00a0\u00a0\u00a0\u00a0 Creciendo Contigo<\/p>\n<p>\u00b7\u00a0\u00a0\u00a0\u00a0\u00a0\u00a0 Ni\u00f1ez Segura y Protegida<\/p>\n<p>\u00b7\u00a0\u00a0\u00a0\u00a0\u00a0\u00a0 Me Quiero Me cuido, y<\/p>\n<p>\u00b7\u00a0\u00a0\u00a0\u00a0\u00a0\u00a0 Pacto<\/p>\n<p>2.\u00a0\u00a0\u00a0\u00a0 Patrocinio<\/p>\n<p>3.\u00a0\u00a0\u00a0\u00a0 Protecci\u00f3n de la ni\u00f1ez y adolescencia<\/p>\n<p>&nbsp;<\/td>\n<td width=\"145\">\u00b7\u00a0\u00a0\u00a0\u00a0\u00a0\u00a0 Atenci\u00f3n a m\u00e1s de 3500 infantes, ni\u00f1as, ni\u00f1os, adolescentes y j\u00f3venes de 0 a 24 a\u00f1os, como grupo de impacto<\/p>\n<p>\u00b7\u00a0\u00a0\u00a0\u00a0\u00a0\u00a0 Atenci\u00f3n a madres, padres y cuidadores<\/p>\n<p>\u00b7\u00a0\u00a0\u00a0\u00a0\u00a0\u00a0 Acompa\u00f1amiento y promoci\u00f3n de mecanismos de protecci\u00f3n basado en la comunidad<\/p>\n<p>Formaci\u00f3n a l\u00edderes y lideresas comunitarios en las comunidades de intervenci\u00f3n<\/td>\n<\/tr>\n<\/tbody>\n<\/table>\n","protected":false},"excerpt":{"rendered":"<p>No. Nombre del proyecto\/financiamiento Cobertura Componentes y objetivos Grupo meta 2 Proyecto: Promoviendo el desarrollo infantil y su transici\u00f3n a la juventud En 30 comunidades, 6 municipios de 2 departamentos Totonicap\u00e1n: Totonicap\u00e1n, Santa Mar\u00eda Chiquimula y Santa Lucia La Reforma; El Quiche: Patzite, Chichicastenango y San Bartolom\u00e9 Jocotenango. 1.\u00a0\u00a0\u00a0\u00a0 Modelos program\u00e1ticos: \u00b7\u00a0\u00a0\u00a0\u00a0\u00a0\u00a0 Creciendo Contigo \u00b7\u00a0\u00a0\u00a0\u00a0\u00a0\u00a0 Ni\u00f1ez Segura y Protegida \u00b7\u00a0\u00a0\u00a0\u00a0\u00a0\u00a0 Me Quiero Me cuido, y \u00b7\u00a0\u00a0\u00a0\u00a0\u00a0\u00a0 Pacto 2.\u00a0\u00a0\u00a0\u00a0 Patrocinio 3.\u00a0\u00a0\u00a0\u00a0 Protecci\u00f3n de la ni\u00f1ez y adolescencia &nbsp; \u00b7\u00a0\u00a0\u00a0\u00a0\u00a0\u00a0 Atenci\u00f3n a m\u00e1s de 3500 infantes, ni\u00f1as, ni\u00f1os, adolescentes y j\u00f3venes de 0 a 24 a\u00f1os, como grupo de impacto \u00b7\u00a0\u00a0\u00a0\u00a0\u00a0\u00a0 Atenci\u00f3n&#8230; <\/p>\n","protected":false},"author":1,"featured_media":0,"parent":0,"menu_order":0,"comment_status":"closed","ping_status":"closed","template":"","meta":{"footnotes":""},"class_list":["post-269","page","type-page","status-publish","hentry"],"_links":{"self":[{"href":"https:\/\/cercapcdro.org.gt\/index.php?rest_route=\/wp\/v2\/pages\/269","targetHints":{"allow":["GET"]}}],"collection":[{"href":"https:\/\/cercapcdro.org.gt\/index.php?rest_route=\/wp\/v2\/pages"}],"about":[{"href":"https:\/\/cercapcdro.org.gt\/index.php?rest_route=\/wp\/v2\/types\/page"}],"author":[{"embeddable":true,"href":"https:\/\/cercapcdro.org.gt\/index.php?rest_route=\/wp\/v2\/users\/1"}],"replies":[{"embeddable":true,"href":"https:\/\/cercapcdro.org.gt\/index.php?rest_route=%2Fwp%2Fv2%2Fcomments&post=269"}],"version-history":[{"count":3,"href":"https:\/\/cercapcdro.org.gt\/index.php?rest_route=\/wp\/v2\/pages\/269\/revisions"}],"predecessor-version":[{"id":312,"href":"https:\/\/cercapcdro.org.gt\/index.php?rest_route=\/wp\/v2\/pages\/269\/revisions\/312"}],"wp:attachment":[{"href":"https:\/\/cercapcdro.org.gt\/index.php?rest_route=%2Fwp%2Fv2%2Fmedia&parent=269"}],"curies":[{"name":"wp","href":"https:\/\/api.w.org\/{rel}","templated":true}]}}