{"id":268,"date":"2021-01-19T14:38:31","date_gmt":"2021-01-19T14:38:31","guid":{"rendered":"http:\/\/cercapcdro.org.gt\/?page_id=268"},"modified":"2021-01-19T14:54:18","modified_gmt":"2021-01-19T14:54:18","slug":"juega-conmigo","status":"publish","type":"page","link":"https:\/\/cercapcdro.org.gt\/?page_id=268","title":{"rendered":"Juega Conmigo"},"content":{"rendered":"<table>\n<tbody>\n<tr>\n<td width=\"34\"><strong>No.<\/strong><\/td>\n<td width=\"161\"><strong>Nombre del proyecto\/financiamiento<\/strong><\/td>\n<td width=\"123\"><strong>Cobertura<\/strong><\/td>\n<td width=\"125\"><strong>Componentes y objetivos<\/strong><\/td>\n<td width=\"145\"><strong>Grupo meta<\/strong><\/td>\n<\/tr>\n<tr>\n<td width=\"34\">1<\/td>\n<td width=\"161\">Proyecto Juega conmigo<\/td>\n<td width=\"123\">60 comunidades de 4 municipios de departamento de El Quich\u00e9:<\/p>\n<p>San Pedro Jocopilas<\/p>\n<p>Chich\u00e9<\/p>\n<p>San Antonio Ilotenango<\/p>\n<p>San Bartolom\u00e9 Jocotenango<\/td>\n<td width=\"125\">Contribuir a la mejora del desarrollo infantil de 0 hasta 4 a\u00f1os de edad, llevando a escala pr\u00e1cticas l\u00fadicas innovadoras basadas en evidencia enfocadas en parentalidad positiva<\/p>\n<p>&nbsp;<\/p>\n<p>Promover la interacci\u00f3n significativa entre cuidadores primarios y sus hijos\/as a trav\u00e9s del juego como un\u00a0 medio para potenciar el desarrollo integral y potenciar el involucramiento activo en el rol de parentalidad.<\/p>\n<p>&nbsp;<\/p>\n<p>Fortalecer la capacidad del personal t\u00e9cnico y voluntariado comunitario a trav\u00e9s de un proceso de certificaci\u00f3n de la metodolog\u00eda<\/p>\n<p>&nbsp;<\/p>\n<p>&nbsp;<\/p>\n<p>-Consorcio para la gesti\u00f3n del conocimiento y aprendizaje continuo<\/p>\n<p>-Trabajo en asocio y red para la abogac\u00eda<\/p>\n<p>-Fortalecimiento del tejido comunitario para el desarrollo de la primera infancia y protecci\u00f3n de la ni\u00f1ez<\/p>\n<p>&nbsp;<\/td>\n<td width=\"145\">Ni\u00f1os y ni\u00f1as menores de 4 a\u00f1os<\/p>\n<p>&nbsp;<\/p>\n<p>Madres, padres y cuidadores.<\/p>\n<p>&nbsp;<\/p>\n<p>Autoridades comunitarias locales<\/td>\n<\/tr>\n<\/tbody>\n<\/table>\n","protected":false},"excerpt":{"rendered":"<p>No. Nombre del proyecto\/financiamiento Cobertura Componentes y objetivos Grupo meta 1 Proyecto Juega conmigo 60 comunidades de 4 municipios de departamento de El Quich\u00e9: San Pedro Jocopilas Chich\u00e9 San Antonio Ilotenango San Bartolom\u00e9 Jocotenango Contribuir a la mejora del desarrollo infantil de 0 hasta 4 a\u00f1os de edad, llevando a escala pr\u00e1cticas l\u00fadicas innovadoras basadas en evidencia enfocadas en parentalidad positiva &nbsp; Promover la interacci\u00f3n significativa entre cuidadores primarios y sus hijos\/as a trav\u00e9s del juego como un\u00a0 medio para potenciar el desarrollo integral y potenciar el involucramiento activo en el rol de parentalidad. &nbsp; Fortalecer la capacidad del personal&#8230; <\/p>\n","protected":false},"author":1,"featured_media":0,"parent":0,"menu_order":0,"comment_status":"closed","ping_status":"closed","template":"","meta":{"footnotes":""},"class_list":["post-268","page","type-page","status-publish","hentry"],"_links":{"self":[{"href":"https:\/\/cercapcdro.org.gt\/index.php?rest_route=\/wp\/v2\/pages\/268","targetHints":{"allow":["GET"]}}],"collection":[{"href":"https:\/\/cercapcdro.org.gt\/index.php?rest_route=\/wp\/v2\/pages"}],"about":[{"href":"https:\/\/cercapcdro.org.gt\/index.php?rest_route=\/wp\/v2\/types\/page"}],"author":[{"embeddable":true,"href":"https:\/\/cercapcdro.org.gt\/index.php?rest_route=\/wp\/v2\/users\/1"}],"replies":[{"embeddable":true,"href":"https:\/\/cercapcdro.org.gt\/index.php?rest_route=%2Fwp%2Fv2%2Fcomments&post=268"}],"version-history":[{"count":5,"href":"https:\/\/cercapcdro.org.gt\/index.php?rest_route=\/wp\/v2\/pages\/268\/revisions"}],"predecessor-version":[{"id":280,"href":"https:\/\/cercapcdro.org.gt\/index.php?rest_route=\/wp\/v2\/pages\/268\/revisions\/280"}],"wp:attachment":[{"href":"https:\/\/cercapcdro.org.gt\/index.php?rest_route=%2Fwp%2Fv2%2Fmedia&parent=268"}],"curies":[{"name":"wp","href":"https:\/\/api.w.org\/{rel}","templated":true}]}}